{"id":6021,"date":"2025-07-29T23:38:38","date_gmt":"2025-07-29T21:38:38","guid":{"rendered":"https:\/\/bsh.info.pl\/?page_id=6021"},"modified":"2025-08-11T14:07:48","modified_gmt":"2025-08-11T12:07:48","slug":"holzbrikett","status":"publish","type":"page","link":"http:\/\/bsh.info.pl\/index.php\/de\/holzbrikett\/","title":{"rendered":"Holzbrikett"},"content":{"rendered":"\t\t<div data-elementor-type=\"wp-page\" data-elementor-id=\"6021\" class=\"elementor elementor-6021\">\n\t\t\t\t<div data-ekitparallax=\"{&quot;ekit_section_parallax_bg&quot;:&quot;yes&quot;,&quot;ekit_section_parallax_bg_speed&quot;:0.5,&quot;elementor_lazy_load&quot;:&quot;1&quot;}\" class=\"elementor-element elementor-element-b59374e page-header-hero-cbd e-flex e-con-boxed e-con e-parent\" data-id=\"b59374e\" data-element_type=\"container\" data-settings=\"{&quot;background_background&quot;:&quot;classic&quot;}\">\n\t\t\t\t\t<div class=\"e-con-inner\">\n\t\t<div class=\"elementor-element elementor-element-e9c1dc5 e-con-full e-flex e-con e-child\" data-id=\"e9c1dc5\" data-element_type=\"container\">\n\t\t\t\t<div class=\"elementor-element elementor-element-17f8809 at-heading-animation at-animation-heading-style-3 elementor-widget elementor-widget-heading\" data-id=\"17f8809\" data-element_type=\"widget\" data-settings=\"{&quot;ekit_we_effect_on&quot;:&quot;none&quot;}\" data-widget_type=\"heading.default\">\n\t\t\t\t\t<h1 class=\"elementor-heading-title elementor-size-default\">Holzbrikett<\/h1>\t\t\t\t<\/div>\n\t\t\t\t<\/div>\n\t\t\t\t\t<\/div>\n\t\t\t\t<\/div>\n\t\t<div class=\"elementor-element elementor-element-9a0011a e-flex e-con-boxed e-con e-parent\" data-id=\"9a0011a\" data-element_type=\"container\">\n\t\t\t\t\t<div class=\"e-con-inner\">\n\t\t<div class=\"elementor-element elementor-element-6c5ab2e e-con-full e-flex e-con e-child\" data-id=\"6c5ab2e\" data-element_type=\"container\">\n\t\t\t\t<div class=\"elementor-element elementor-element-1a3c51d about-images-cbd at-image-animation at-animation-image-none at-none elementor-widget elementor-widget-image\" data-id=\"1a3c51d\" data-element_type=\"widget\" data-settings=\"{&quot;ekit_we_effect_on&quot;:&quot;none&quot;}\" data-widget_type=\"image.default\">\n\t\t\t\t\t\t\t\t\t\t\t\t\t\t\t<img fetchpriority=\"high\" decoding=\"async\" width=\"467\" height=\"802\" src=\"http:\/\/bsh.info.pl\/wp-content\/uploads\/2025\/07\/brykiet-1.png\" class=\"attachment-full size-full wp-image-5884\" alt=\"Kostka brykiet RUF\" srcset=\"http:\/\/bsh.info.pl\/wp-content\/uploads\/2025\/07\/brykiet-1.png 467w, http:\/\/bsh.info.pl\/wp-content\/uploads\/2025\/07\/brykiet-1-175x300.png 175w\" sizes=\"(max-width: 467px) 100vw, 467px\" \/>\t\t\t\t\t\t\t\t\t\t\t\t\t\t\t<\/div>\n\t\t\t\t<\/div>\n\t\t<div class=\"elementor-element elementor-element-f7434b8 e-con-full e-flex e-con e-child\" data-id=\"f7434b8\" data-element_type=\"container\">\n\t\t\t\t<div class=\"elementor-element elementor-element-e31d5bf at-heading-animation at-animation-heading-style-2 elementor-widget elementor-widget-heading\" data-id=\"e31d5bf\" data-element_type=\"widget\" data-settings=\"{&quot;ekit_we_effect_on&quot;:&quot;none&quot;}\" data-widget_type=\"heading.default\">\n\t\t\t\t\t<h2 class=\"elementor-heading-title elementor-size-default\">RUF-Holzbrikett<\/h2>\t\t\t\t<\/div>\n\t\t\t\t<div class=\"elementor-element elementor-element-421907e elementor-align-left elementor-icon-list--layout-traditional elementor-list-item-link-full_width elementor-invisible elementor-widget elementor-widget-icon-list\" data-id=\"421907e\" data-element_type=\"widget\" data-settings=\"{&quot;_animation&quot;:&quot;fadeInUp&quot;,&quot;_animation_delay&quot;:200,&quot;ekit_we_effect_on&quot;:&quot;none&quot;}\" data-widget_type=\"icon-list.default\">\n\t\t\t\t\t\t\t<ul class=\"elementor-icon-list-items\">\n\t\t\t\t\t\t\t<li class=\"elementor-icon-list-item\">\n\t\t\t\t\t\t\t\t\t\t\t<span class=\"elementor-icon-list-icon\">\n\t\t\t\t\t\t\t<i aria-hidden=\"true\" class=\"fas fa-check-circle\"><\/i>\t\t\t\t\t\t<\/span>\n\t\t\t\t\t\t\t\t\t\t<span class=\"elementor-icon-list-text\">Heizwert  <b>17.8 MJ\/kg<\/b><\/span>\n\t\t\t\t\t\t\t\t\t<\/li>\n\t\t\t\t\t\t\t\t<li class=\"elementor-icon-list-item\">\n\t\t\t\t\t\t\t\t\t\t\t<span class=\"elementor-icon-list-icon\">\n\t\t\t\t\t\t\t<i aria-hidden=\"true\" class=\"fas fa-check-circle\"><\/i>\t\t\t\t\t\t<\/span>\n\t\t\t\t\t\t\t\t\t\t<span class=\"elementor-icon-list-text\">Feuchtigkeitsgehalt <b>&lt;10%<\/b><\/span>\n\t\t\t\t\t\t\t\t\t<\/li>\n\t\t\t\t\t\t\t\t<li class=\"elementor-icon-list-item\">\n\t\t\t\t\t\t\t\t\t\t\t<span class=\"elementor-icon-list-icon\">\n\t\t\t\t\t\t\t<i aria-hidden=\"true\" class=\"fas fa-check-circle\"><\/i>\t\t\t\t\t\t<\/span>\n\t\t\t\t\t\t\t\t\t\t<span class=\"elementor-icon-list-text\">Aschegehalt <b> &lt;0,7%<\/b><\/span>\n\t\t\t\t\t\t\t\t\t<\/li>\n\t\t\t\t\t\t<\/ul>\n\t\t\t\t\t\t<\/div>\n\t\t<div class=\"elementor-element elementor-element-daa5799 e-con-full e-flex e-con e-child\" data-id=\"daa5799\" data-element_type=\"container\">\n\t\t<div class=\"elementor-element elementor-element-02c9a93 e-con-full e-flex e-con e-child\" data-id=\"02c9a93\" data-element_type=\"container\">\n\t\t\t\t<div class=\"elementor-element elementor-element-17719d9 ekit-equal-height-disable elementor-invisible elementor-widget elementor-widget-elementskit-icon-box\" data-id=\"17719d9\" data-element_type=\"widget\" data-settings=\"{&quot;_animation&quot;:&quot;fadeInUp&quot;,&quot;_animation_delay&quot;:300,&quot;ekit_we_effect_on&quot;:&quot;none&quot;}\" data-widget_type=\"elementskit-icon-box.default\">\n\t\t\t\t\t<div class=\"ekit-wid-con\" >        <!-- link opening -->\n                <!-- end link opening -->\n\n        <div class=\"elementskit-infobox text- text-left icon-lef-right-aligin elementor-animation- media  \">\n                    <div class=\"elementskit-box-header elementor-animation-\">\n                <div class=\"elementskit-info-box-icon  text-center\">\n                    <i aria-hidden=\"true\" class=\"elementkit-infobox-icon fas fa-tree\"><\/i>\n                <\/div>\n          <\/div>\n                        <div class=\"box-body\">\n                            <h3 class=\"elementskit-info-box-title\">\n                    100\u202f% Holz                <\/h3>\n                        \t\t  \t<p>Gebrauchsfertiges Produkt zum Verbrennen. Geringer Aschegehalt und rauchfreie Verbrennung.<\/p>\n                                <\/div>\n        \n        \n                <\/div>\n        <\/div>\t\t\t\t<\/div>\n\t\t\t\t<\/div>\n\t\t<div class=\"elementor-element elementor-element-482eb9b e-con-full e-flex elementor-invisible e-con e-child\" data-id=\"482eb9b\" data-element_type=\"container\" data-settings=\"{&quot;animation&quot;:&quot;fadeInUp&quot;,&quot;animation_delay&quot;:300}\">\n\t\t\t\t<div class=\"elementor-element elementor-element-acf087d at-image-animation at-animation-image-none at-none elementor-widget elementor-widget-image\" data-id=\"acf087d\" data-element_type=\"widget\" data-settings=\"{&quot;ekit_we_effect_on&quot;:&quot;none&quot;}\" data-widget_type=\"image.default\">\n\t\t\t\t\t\t\t\t\t\t\t\t\t\t\t<img decoding=\"async\" width=\"200\" height=\"200\" src=\"http:\/\/bsh.info.pl\/wp-content\/uploads\/2025\/07\/small-logo.png\" class=\"attachment-large size-large wp-image-5816\" alt=\"Logotyp firmy BSH\" srcset=\"http:\/\/bsh.info.pl\/wp-content\/uploads\/2025\/07\/small-logo.png 200w, http:\/\/bsh.info.pl\/wp-content\/uploads\/2025\/07\/small-logo-100x100.png 100w, http:\/\/bsh.info.pl\/wp-content\/uploads\/2025\/07\/small-logo-150x150.png 150w\" sizes=\"(max-width: 200px) 100vw, 200px\" \/>\t\t\t\t\t\t\t\t\t\t\t\t\t\t\t<\/div>\n\t\t\t\t<\/div>\n\t\t\t\t<\/div>\n\t\t\t\t<\/div>\n\t\t\t\t\t<\/div>\n\t\t\t\t<\/div>\n\t\t<div class=\"elementor-element elementor-element-c563635 e-flex e-con-boxed e-con e-parent\" data-id=\"c563635\" data-element_type=\"container\" data-settings=\"{&quot;background_background&quot;:&quot;classic&quot;}\">\n\t\t\t\t\t<div class=\"e-con-inner\">\n\t\t<div class=\"elementor-element elementor-element-01fccf9 e-con-full e-flex e-con e-child\" data-id=\"01fccf9\" data-element_type=\"container\">\n\t\t<div class=\"elementor-element elementor-element-6a28831 e-con-full e-flex e-con e-child\" data-id=\"6a28831\" data-element_type=\"container\">\n\t\t\t\t<div class=\"elementor-element elementor-element-8e31673 at-heading-animation at-animation-heading-style-2 elementor-widget elementor-widget-heading\" data-id=\"8e31673\" data-element_type=\"widget\" data-settings=\"{&quot;ekit_we_effect_on&quot;:&quot;none&quot;}\" data-widget_type=\"heading.default\">\n\t\t\t\t\t<h2 class=\"elementor-heading-title elementor-size-default\">Lagerung und Transport<\/h2>\t\t\t\t<\/div>\n\t\t\t\t<\/div>\n\t\t<div class=\"elementor-element elementor-element-6afac53 e-con-full e-flex elementor-invisible e-con e-child\" data-id=\"6afac53\" data-element_type=\"container\" data-settings=\"{&quot;animation&quot;:&quot;fadeInUp&quot;,&quot;animation_delay&quot;:100}\">\n\t\t\t\t<div class=\"elementor-element elementor-element-5950e37 elementor-widget elementor-widget-text-editor\" data-id=\"5950e37\" data-element_type=\"widget\" data-settings=\"{&quot;ekit_we_effect_on&quot;:&quot;none&quot;}\" data-widget_type=\"text-editor.default\">\n\t\t\t\t\t\t\t\t\t<p>Die Briketts sind in einem trockenen, \u00fcberdachten und bel\u00fcfteten Geb\u00e4ude zu lagern. Die Brikettverpackungen m\u00fcssen vom Boden isoliert auf Paletten gelagert werden. Der Transport der Briketts darf nur mit gedeckten Stra\u00dfenfahrzeugen erfolgen. Die Verladung und Sicherung der Ladung muss den Vorschriften f\u00fcr den Stra\u00dfenverkehr entsprechen.<\/p>\t\t\t\t\t\t\t\t<\/div>\n\t\t\t\t<\/div>\n\t\t\t\t<\/div>\n\t\t<div class=\"elementor-element elementor-element-dab7c03 e-con-full e-flex e-con e-child\" data-id=\"dab7c03\" data-element_type=\"container\">\n\t\t<div class=\"elementor-element elementor-element-9820168 e-con-full e-flex e-con e-child\" data-id=\"9820168\" data-element_type=\"container\">\n\t\t<div class=\"elementor-element elementor-element-16ae924 e-con-full e-flex elementor-invisible e-con e-child\" data-id=\"16ae924\" data-element_type=\"container\" data-settings=\"{&quot;background_background&quot;:&quot;classic&quot;,&quot;animation&quot;:&quot;fadeInUp&quot;}\">\n\t\t\t\t<div class=\"elementor-element elementor-element-7785e2e elementor-align-left elementor-icon-list--layout-traditional elementor-list-item-link-full_width elementor-widget elementor-widget-icon-list\" data-id=\"7785e2e\" data-element_type=\"widget\" data-settings=\"{&quot;ekit_we_effect_on&quot;:&quot;none&quot;}\" data-widget_type=\"icon-list.default\">\n\t\t\t\t\t\t\t<ul class=\"elementor-icon-list-items\">\n\t\t\t\t\t\t\t<li class=\"elementor-icon-list-item\">\n\t\t\t\t\t\t\t\t\t\t\t<span class=\"elementor-icon-list-icon\">\n\t\t\t\t\t\t\t<i aria-hidden=\"true\" class=\"fas fa-circle\"><\/i>\t\t\t\t\t\t<\/span>\n\t\t\t\t\t\t\t\t\t\t<span class=\"elementor-icon-list-text\">St\u00fcckgewicht    <b> 10kg<\/b><\/span>\n\t\t\t\t\t\t\t\t\t<\/li>\n\t\t\t\t\t\t\t\t<li class=\"elementor-icon-list-item\">\n\t\t\t\t\t\t\t\t\t\t\t<span class=\"elementor-icon-list-icon\">\n\t\t\t\t\t\t\t<i aria-hidden=\"true\" class=\"fas fa-circle\"><\/i>\t\t\t\t\t\t<\/span>\n\t\t\t\t\t\t\t\t\t\t<span class=\"elementor-icon-list-text\">Palettentyp <b>0,8 x 1,2 m<\/b><\/span>\n\t\t\t\t\t\t\t\t\t<\/li>\n\t\t\t\t\t\t\t\t<li class=\"elementor-icon-list-item\">\n\t\t\t\t\t\t\t\t\t\t\t<span class=\"elementor-icon-list-icon\">\n\t\t\t\t\t\t\t<i aria-hidden=\"true\" class=\"fas fa-circle\"><\/i>\t\t\t\t\t\t<\/span>\n\t\t\t\t\t\t\t\t\t\t<span class=\"elementor-icon-list-text\">Anzahl der Verpackungen pro Palette <b>96 St\u00fcck<\/b><\/span>\n\t\t\t\t\t\t\t\t\t<\/li>\n\t\t\t\t\t\t\t\t<li class=\"elementor-icon-list-item\">\n\t\t\t\t\t\t\t\t\t\t\t<span class=\"elementor-icon-list-icon\">\n\t\t\t\t\t\t\t<i aria-hidden=\"true\" class=\"fas fa-circle\"><\/i>\t\t\t\t\t\t<\/span>\n\t\t\t\t\t\t\t\t\t\t<span class=\"elementor-icon-list-text\">Art der Sicherung:<b>Folienhaube und Stretchfolie<\/b><\/span>\n\t\t\t\t\t\t\t\t\t<\/li>\n\t\t\t\t\t\t\t\t<li class=\"elementor-icon-list-item\">\n\t\t\t\t\t\t\t\t\t\t\t<span class=\"elementor-icon-list-icon\">\n\t\t\t\t\t\t\t<i aria-hidden=\"true\" class=\"fas fa-circle\"><\/i>\t\t\t\t\t\t<\/span>\n\t\t\t\t\t\t\t\t\t\t<span class=\"elementor-icon-list-text\">Warengewicht auf der Palette<b>960 kg<\/b><\/span>\n\t\t\t\t\t\t\t\t\t<\/li>\n\t\t\t\t\t\t<\/ul>\n\t\t\t\t\t\t<\/div>\n\t\t\t\t<\/div>\n\t\t<div class=\"elementor-element elementor-element-9b3d976 e-con-full e-flex elementor-invisible e-con e-child\" data-id=\"9b3d976\" data-element_type=\"container\" data-settings=\"{&quot;background_background&quot;:&quot;classic&quot;,&quot;animation&quot;:&quot;fadeInUp&quot;,&quot;animation_delay&quot;:100}\">\n\t\t\t\t<div class=\"elementor-element elementor-element-816b6a7 elementor-widget elementor-widget-text-editor\" data-id=\"816b6a7\" data-element_type=\"widget\" data-settings=\"{&quot;ekit_we_effect_on&quot;:&quot;none&quot;}\" data-widget_type=\"text-editor.default\">\n\t\t\t\t\t\t\t\t\t<p data-start=\"218\" data-end=\"314\"><strong data-start=\"238\" data-end=\"259\">Einzelverpackung:<\/strong><br data-start=\"259\" data-end=\"262\" \/>Schrumpfverpackung mit 12 Briketts, Gewicht: 10\u202fkg<\/p><ul data-start=\"315\" data-end=\"368\"><li data-start=\"315\" data-end=\"331\"><p data-start=\"317\" data-end=\"331\">H\u00f6he: 165\u202fmm<\/p><\/li><li data-start=\"332\" data-end=\"350\"><p data-start=\"334\" data-end=\"350\">Breite: 200\u202fmm<\/p><\/li><li data-start=\"351\" data-end=\"368\"><p data-start=\"353\" data-end=\"368\">L\u00e4nge: 385\u202fmm<\/p><\/li><\/ul>\t\t\t\t\t\t\t\t<\/div>\n\t\t\t\t<\/div>\n\t\t\t\t<\/div>\n\t\t<div class=\"elementor-element elementor-element-7a9a538 e-con-full e-flex elementor-invisible e-con e-child\" data-id=\"7a9a538\" data-element_type=\"container\" data-settings=\"{&quot;animation&quot;:&quot;fadeInUp&quot;,&quot;animation_delay&quot;:200}\">\n\t\t\t\t<div class=\"elementor-element elementor-element-fb474c6 at-shiny-glass-effect core-value-image-cbd at-image-animation at-animation-image-none elementor-widget elementor-widget-image\" data-id=\"fb474c6\" data-element_type=\"widget\" data-settings=\"{&quot;ekit_we_effect_on&quot;:&quot;none&quot;}\" data-widget_type=\"image.default\">\n\t\t\t\t\t\t\t\t\t\t\t\t\t\t\t<img decoding=\"async\" width=\"911\" height=\"410\" src=\"http:\/\/bsh.info.pl\/wp-content\/uploads\/2025\/07\/brykietbsh-1.png\" class=\"attachment-full size-full wp-image-5876\" alt=\"Jednostkowe pakowanie brykietu\" srcset=\"http:\/\/bsh.info.pl\/wp-content\/uploads\/2025\/07\/brykietbsh-1.png 911w, http:\/\/bsh.info.pl\/wp-content\/uploads\/2025\/07\/brykietbsh-1-300x135.png 300w, http:\/\/bsh.info.pl\/wp-content\/uploads\/2025\/07\/brykietbsh-1-768x346.png 768w, http:\/\/bsh.info.pl\/wp-content\/uploads\/2025\/07\/brykietbsh-1-600x270.png 600w\" sizes=\"(max-width: 911px) 100vw, 911px\" \/>\t\t\t\t\t\t\t\t\t\t\t\t\t\t\t<\/div>\n\t\t\t\t<\/div>\n\t\t\t\t<\/div>\n\t\t\t\t\t<\/div>\n\t\t\t\t<\/div>\n\t\t<div class=\"elementor-element elementor-element-4954f5c e-flex e-con-boxed e-con e-parent\" data-id=\"4954f5c\" data-element_type=\"container\">\n\t\t\t\t\t<div class=\"e-con-inner\">\n\t\t\t\t<div class=\"elementor-element elementor-element-337661f elementor-widget elementor-widget-image-carousel\" data-id=\"337661f\" data-element_type=\"widget\" data-settings=\"{&quot;slides_to_show&quot;:&quot;3&quot;,&quot;slides_to_scroll&quot;:&quot;1&quot;,&quot;navigation&quot;:&quot;none&quot;,&quot;autoplay&quot;:&quot;yes&quot;,&quot;pause_on_hover&quot;:&quot;yes&quot;,&quot;pause_on_interaction&quot;:&quot;yes&quot;,&quot;autoplay_speed&quot;:5000,&quot;infinite&quot;:&quot;yes&quot;,&quot;speed&quot;:500,&quot;ekit_we_effect_on&quot;:&quot;none&quot;}\" data-widget_type=\"image-carousel.default\">\n\t\t\t\t\t\t\t<div class=\"elementor-image-carousel-wrapper swiper\" role=\"region\" aria-roledescription=\"carousel\" aria-label=\"Karuzela obrazk\u00f3w\" dir=\"ltr\">\n\t\t\t<div class=\"elementor-image-carousel swiper-wrapper swiper-image-stretch\" aria-live=\"off\">\n\t\t\t\t\t\t\t\t<div class=\"swiper-slide\" role=\"group\" aria-roledescription=\"slide\" aria-label=\"1 z 3\"><a data-elementor-open-lightbox=\"yes\" data-elementor-lightbox-slideshow=\"337661f\" data-elementor-lightbox-title=\"brykiet drzewny\" data-e-action-hash=\"#elementor-action%3Aaction%3Dlightbox%26settings%3DeyJpZCI6NTk3MCwidXJsIjoiaHR0cDpcL1wvYnNoLmluZm8ucGxcL3dwLWNvbnRlbnRcL3VwbG9hZHNcLzIwMjVcLzA3XC9icnlraWV0Mi5wbmciLCJzbGlkZXNob3ciOiIzMzc2NjFmIn0%3D\" href=\"http:\/\/bsh.info.pl\/wp-content\/uploads\/2025\/07\/brykiet2.png\"><figure class=\"swiper-slide-inner\"><img decoding=\"async\" class=\"swiper-slide-image\" src=\"http:\/\/bsh.info.pl\/wp-content\/uploads\/2025\/07\/brykiet2.png\" alt=\"Brykiet drzewny\" \/><\/figure><\/a><\/div><div class=\"swiper-slide\" role=\"group\" aria-roledescription=\"slide\" aria-label=\"2 z 3\"><a data-elementor-open-lightbox=\"yes\" data-elementor-lightbox-slideshow=\"337661f\" data-elementor-lightbox-title=\"Brykiet drzewny\" data-e-action-hash=\"#elementor-action%3Aaction%3Dlightbox%26settings%3DeyJpZCI6NTk3MSwidXJsIjoiaHR0cDpcL1wvYnNoLmluZm8ucGxcL3dwLWNvbnRlbnRcL3VwbG9hZHNcLzIwMjVcLzA3XC9icnlraWV0My5wbmciLCJzbGlkZXNob3ciOiIzMzc2NjFmIn0%3D\" href=\"http:\/\/bsh.info.pl\/wp-content\/uploads\/2025\/07\/brykiet3.png\"><figure class=\"swiper-slide-inner\"><img decoding=\"async\" class=\"swiper-slide-image\" src=\"http:\/\/bsh.info.pl\/wp-content\/uploads\/2025\/07\/brykiet3.png\" alt=\"BSH brykiet drzewny\" \/><\/figure><\/a><\/div><div class=\"swiper-slide\" role=\"group\" aria-roledescription=\"slide\" aria-label=\"3 z 3\"><a data-elementor-open-lightbox=\"yes\" data-elementor-lightbox-slideshow=\"337661f\" data-elementor-lightbox-title=\"Brykiet drzewny\" data-e-action-hash=\"#elementor-action%3Aaction%3Dlightbox%26settings%3DeyJpZCI6NTk3MiwidXJsIjoiaHR0cDpcL1wvYnNoLmluZm8ucGxcL3dwLWNvbnRlbnRcL3VwbG9hZHNcLzIwMjVcLzA3XC9icnlraWV0NC5wbmciLCJzbGlkZXNob3ciOiIzMzc2NjFmIn0%3D\" href=\"http:\/\/bsh.info.pl\/wp-content\/uploads\/2025\/07\/brykiet4.png\"><figure class=\"swiper-slide-inner\"><img decoding=\"async\" class=\"swiper-slide-image\" src=\"http:\/\/bsh.info.pl\/wp-content\/uploads\/2025\/07\/brykiet4.png\" alt=\"BSH brykiet kostka RUF\" \/><\/figure><\/a><\/div>\t\t\t<\/div>\n\t\t\t\t\t\t\t\n\t\t\t\t\t\t\t\t\t<\/div>\n\t\t\t\t\t\t<\/div>\n\t\t\t\t\t<\/div>\n\t\t\t\t<\/div>\n\t\t\t\t<\/div>\n\t\t","protected":false},"excerpt":{"rendered":"<p>Holzbrikett RUF-Holzbrikett Heizwert 17.8 MJ\/kg Feuchtigkeitsgehalt &lt;10% Aschegehalt &lt;0,7% 100\u202f% Holz Gebrauchsfertiges [&hellip;]<\/p>\n","protected":false},"author":1,"featured_media":0,"parent":0,"menu_order":0,"comment_status":"closed","ping_status":"closed","template":"elementor_header_footer","meta":{"footnotes":""},"class_list":["post-6021","page","type-page","status-publish","hentry"],"aioseo_notices":[],"_links":{"self":[{"href":"http:\/\/bsh.info.pl\/index.php\/wp-json\/wp\/v2\/pages\/6021","targetHints":{"allow":["GET"]}}],"collection":[{"href":"http:\/\/bsh.info.pl\/index.php\/wp-json\/wp\/v2\/pages"}],"about":[{"href":"http:\/\/bsh.info.pl\/index.php\/wp-json\/wp\/v2\/types\/page"}],"author":[{"embeddable":true,"href":"http:\/\/bsh.info.pl\/index.php\/wp-json\/wp\/v2\/users\/1"}],"replies":[{"embeddable":true,"href":"http:\/\/bsh.info.pl\/index.php\/wp-json\/wp\/v2\/comments?post=6021"}],"version-history":[{"count":13,"href":"http:\/\/bsh.info.pl\/index.php\/wp-json\/wp\/v2\/pages\/6021\/revisions"}],"predecessor-version":[{"id":6341,"href":"http:\/\/bsh.info.pl\/index.php\/wp-json\/wp\/v2\/pages\/6021\/revisions\/6341"}],"wp:attachment":[{"href":"http:\/\/bsh.info.pl\/index.php\/wp-json\/wp\/v2\/media?parent=6021"}],"curies":[{"name":"wp","href":"https:\/\/api.w.org\/{rel}","templated":true}]}}