{"id":6034,"date":"2025-07-29T23:56:43","date_gmt":"2025-07-29T21:56:43","guid":{"rendered":"https:\/\/bsh.info.pl\/?page_id=6034"},"modified":"2025-08-11T14:08:26","modified_gmt":"2025-08-11T12:08:26","slug":"pellet-a1-3","status":"publish","type":"page","link":"http:\/\/bsh.info.pl\/index.php\/de\/pellet-a1-3\/","title":{"rendered":"Holzpellet A1"},"content":{"rendered":"\t\t<div data-elementor-type=\"wp-page\" data-elementor-id=\"6034\" class=\"elementor elementor-6034\">\n\t\t\t\t<div data-ekitparallax=\"{&quot;ekit_section_parallax_bg&quot;:&quot;yes&quot;,&quot;ekit_section_parallax_bg_speed&quot;:0.5,&quot;elementor_lazy_load&quot;:&quot;1&quot;}\" class=\"elementor-element elementor-element-b59374e page-header-hero-cbd e-flex e-con-boxed e-con e-parent\" data-id=\"b59374e\" data-element_type=\"container\" data-settings=\"{&quot;background_background&quot;:&quot;classic&quot;}\">\n\t\t\t\t\t<div class=\"e-con-inner\">\n\t\t<div class=\"elementor-element elementor-element-e9c1dc5 e-con-full e-flex e-con e-child\" data-id=\"e9c1dc5\" data-element_type=\"container\">\n\t\t\t\t<div class=\"elementor-element elementor-element-17f8809 at-heading-animation at-animation-heading-style-3 elementor-widget elementor-widget-heading\" data-id=\"17f8809\" data-element_type=\"widget\" data-settings=\"{&quot;ekit_we_effect_on&quot;:&quot;none&quot;}\" data-widget_type=\"heading.default\">\n\t\t\t\t\t<h1 class=\"elementor-heading-title elementor-size-default\">Holzpellets A1<\/h1>\t\t\t\t<\/div>\n\t\t\t\t<\/div>\n\t\t\t\t\t<\/div>\n\t\t\t\t<\/div>\n\t\t<div class=\"elementor-element elementor-element-9a0011a e-flex e-con-boxed e-con e-parent\" data-id=\"9a0011a\" data-element_type=\"container\">\n\t\t\t\t\t<div class=\"e-con-inner\">\n\t\t<div class=\"elementor-element elementor-element-6c5ab2e e-con-full e-flex e-con e-child\" data-id=\"6c5ab2e\" data-element_type=\"container\">\n\t\t\t\t<div class=\"elementor-element elementor-element-1a3c51d about-images-cbd at-image-animation at-animation-image-none at-none elementor-widget elementor-widget-image\" data-id=\"1a3c51d\" data-element_type=\"widget\" data-settings=\"{&quot;ekit_we_effect_on&quot;:&quot;none&quot;}\" data-widget_type=\"image.default\">\n\t\t\t\t\t\t\t\t\t\t\t\t\t\t\t<img fetchpriority=\"high\" decoding=\"async\" width=\"1000\" height=\"1000\" src=\"http:\/\/bsh.info.pl\/wp-content\/uploads\/2025\/07\/bshpelletA1front.png\" class=\"attachment-full size-full wp-image-5834\" alt=\"BSH Pellet A1 premium worek 15kg\" srcset=\"http:\/\/bsh.info.pl\/wp-content\/uploads\/2025\/07\/bshpelletA1front.png 1000w, http:\/\/bsh.info.pl\/wp-content\/uploads\/2025\/07\/bshpelletA1front-300x300.png 300w, http:\/\/bsh.info.pl\/wp-content\/uploads\/2025\/07\/bshpelletA1front-150x150.png 150w, http:\/\/bsh.info.pl\/wp-content\/uploads\/2025\/07\/bshpelletA1front-768x768.png 768w, http:\/\/bsh.info.pl\/wp-content\/uploads\/2025\/07\/bshpelletA1front-600x600.png 600w, http:\/\/bsh.info.pl\/wp-content\/uploads\/2025\/07\/bshpelletA1front-100x100.png 100w\" sizes=\"(max-width: 1000px) 100vw, 1000px\" \/>\t\t\t\t\t\t\t\t\t\t\t\t\t\t\t<\/div>\n\t\t\t\t<\/div>\n\t\t<div class=\"elementor-element elementor-element-f7434b8 e-con-full e-flex e-con e-child\" data-id=\"f7434b8\" data-element_type=\"container\">\n\t\t\t\t<div class=\"elementor-element elementor-element-e31d5bf at-heading-animation at-animation-heading-style-2 elementor-widget elementor-widget-heading\" data-id=\"e31d5bf\" data-element_type=\"widget\" data-settings=\"{&quot;ekit_we_effect_on&quot;:&quot;none&quot;}\" data-widget_type=\"heading.default\">\n\t\t\t\t\t<h2 class=\"elementor-heading-title elementor-size-default\">Holzpellets A1 Premium<\/h2>\t\t\t\t<\/div>\n\t\t\t\t<div class=\"elementor-element elementor-element-421907e elementor-align-left elementor-icon-list--layout-traditional elementor-list-item-link-full_width elementor-invisible elementor-widget elementor-widget-icon-list\" data-id=\"421907e\" data-element_type=\"widget\" data-settings=\"{&quot;_animation&quot;:&quot;fadeInUp&quot;,&quot;_animation_delay&quot;:200,&quot;ekit_we_effect_on&quot;:&quot;none&quot;}\" data-widget_type=\"icon-list.default\">\n\t\t\t\t\t\t\t<ul class=\"elementor-icon-list-items\">\n\t\t\t\t\t\t\t<li class=\"elementor-icon-list-item\">\n\t\t\t\t\t\t\t\t\t\t\t<span class=\"elementor-icon-list-icon\">\n\t\t\t\t\t\t\t<i aria-hidden=\"true\" class=\"fas fa-check-circle\"><\/i>\t\t\t\t\t\t<\/span>\n\t\t\t\t\t\t\t\t\t\t<span class=\"elementor-icon-list-text\">Heizwert  <b>17.8MJ\/kg<\/b><\/span>\n\t\t\t\t\t\t\t\t\t<\/li>\n\t\t\t\t\t\t\t\t<li class=\"elementor-icon-list-item\">\n\t\t\t\t\t\t\t\t\t\t\t<span class=\"elementor-icon-list-icon\">\n\t\t\t\t\t\t\t<i aria-hidden=\"true\" class=\"fas fa-check-circle\"><\/i>\t\t\t\t\t\t<\/span>\n\t\t\t\t\t\t\t\t\t\t<span class=\"elementor-icon-list-text\">Feuchtigkeitsgehalt <b><10%<\/b><\/span>\n\t\t\t\t\t\t\t\t\t<\/li>\n\t\t\t\t\t\t\t\t<li class=\"elementor-icon-list-item\">\n\t\t\t\t\t\t\t\t\t\t\t<span class=\"elementor-icon-list-icon\">\n\t\t\t\t\t\t\t<i aria-hidden=\"true\" class=\"fas fa-check-circle\"><\/i>\t\t\t\t\t\t<\/span>\n\t\t\t\t\t\t\t\t\t\t<span class=\"elementor-icon-list-text\">Aschegehalt <b>&lt;0.7%<\/b><\/span>\n\t\t\t\t\t\t\t\t\t<\/li>\n\t\t\t\t\t\t\t\t<li class=\"elementor-icon-list-item\">\n\t\t\t\t\t\t\t\t\t\t\t<span class=\"elementor-icon-list-icon\">\n\t\t\t\t\t\t\t<i aria-hidden=\"true\" class=\"fas fa-check-circle\"><\/i>\t\t\t\t\t\t<\/span>\n\t\t\t\t\t\t\t\t\t\t<span class=\"elementor-icon-list-text\">Korndurchmesser <b>6 mm<\/b><\/span>\n\t\t\t\t\t\t\t\t\t<\/li>\n\t\t\t\t\t\t<\/ul>\n\t\t\t\t\t\t<\/div>\n\t\t<div class=\"elementor-element elementor-element-daa5799 e-con-full e-flex e-con e-child\" data-id=\"daa5799\" data-element_type=\"container\">\n\t\t<div class=\"elementor-element elementor-element-02c9a93 e-con-full e-flex e-con e-child\" data-id=\"02c9a93\" data-element_type=\"container\">\n\t\t\t\t<div class=\"elementor-element elementor-element-17719d9 ekit-equal-height-disable elementor-invisible elementor-widget elementor-widget-elementskit-icon-box\" data-id=\"17719d9\" data-element_type=\"widget\" data-settings=\"{&quot;_animation&quot;:&quot;fadeInUp&quot;,&quot;_animation_delay&quot;:300,&quot;ekit_we_effect_on&quot;:&quot;none&quot;}\" data-widget_type=\"elementskit-icon-box.default\">\n\t\t\t\t\t<div class=\"ekit-wid-con\" >        <!-- link opening -->\n                <!-- end link opening -->\n\n        <div class=\"elementskit-infobox text- text-left icon-lef-right-aligin elementor-animation- media  \">\n                    <div class=\"elementskit-box-header elementor-animation-\">\n                <div class=\"elementskit-info-box-icon  text-center\">\n                    <i aria-hidden=\"true\" class=\"elementkit-infobox-icon fas fa-tree\"><\/i>\n                <\/div>\n          <\/div>\n                        <div class=\"box-body\">\n                            <h3 class=\"elementskit-info-box-title\">\n                    100% holz                <\/h3>\n                        \t\t  \t<p>Gebrauchsfertiges Produkt. Geringe Aschemenge und rauchfreie Verbrennung.<\/p>\n                                <\/div>\n        \n        \n                <\/div>\n        <\/div>\t\t\t\t<\/div>\n\t\t\t\t<\/div>\n\t\t<div class=\"elementor-element elementor-element-482eb9b e-con-full e-flex elementor-invisible e-con e-child\" data-id=\"482eb9b\" data-element_type=\"container\" data-settings=\"{&quot;animation&quot;:&quot;fadeInUp&quot;,&quot;animation_delay&quot;:300}\">\n\t\t\t\t<div class=\"elementor-element elementor-element-acf087d at-image-animation at-animation-image-none at-none elementor-widget elementor-widget-image\" data-id=\"acf087d\" data-element_type=\"widget\" data-settings=\"{&quot;ekit_we_effect_on&quot;:&quot;none&quot;}\" data-widget_type=\"image.default\">\n\t\t\t\t\t\t\t\t\t\t\t\t\t\t\t<img decoding=\"async\" width=\"200\" height=\"200\" src=\"http:\/\/bsh.info.pl\/wp-content\/uploads\/2025\/07\/small-logo.png\" class=\"attachment-large size-large wp-image-5816\" alt=\"Logotyp firmy BSH\" srcset=\"http:\/\/bsh.info.pl\/wp-content\/uploads\/2025\/07\/small-logo.png 200w, http:\/\/bsh.info.pl\/wp-content\/uploads\/2025\/07\/small-logo-100x100.png 100w, http:\/\/bsh.info.pl\/wp-content\/uploads\/2025\/07\/small-logo-150x150.png 150w\" sizes=\"(max-width: 200px) 100vw, 200px\" \/>\t\t\t\t\t\t\t\t\t\t\t\t\t\t\t<\/div>\n\t\t\t\t<\/div>\n\t\t\t\t<\/div>\n\t\t\t\t<\/div>\n\t\t\t\t\t<\/div>\n\t\t\t\t<\/div>\n\t\t<div class=\"elementor-element elementor-element-c563635 e-flex e-con-boxed e-con e-parent\" data-id=\"c563635\" data-element_type=\"container\" data-settings=\"{&quot;background_background&quot;:&quot;classic&quot;}\">\n\t\t\t\t\t<div class=\"e-con-inner\">\n\t\t<div class=\"elementor-element elementor-element-01fccf9 e-con-full e-flex e-con e-child\" data-id=\"01fccf9\" data-element_type=\"container\">\n\t\t<div class=\"elementor-element elementor-element-6a28831 e-con-full e-flex e-con e-child\" data-id=\"6a28831\" data-element_type=\"container\">\n\t\t\t\t<div class=\"elementor-element elementor-element-8e31673 at-heading-animation at-animation-heading-style-2 elementor-widget elementor-widget-heading\" data-id=\"8e31673\" data-element_type=\"widget\" data-settings=\"{&quot;ekit_we_effect_on&quot;:&quot;none&quot;}\" data-widget_type=\"heading.default\">\n\t\t\t\t\t<h2 class=\"elementor-heading-title elementor-size-default\">Lagerung und Transport<\/h2>\t\t\t\t<\/div>\n\t\t\t\t<\/div>\n\t\t<div class=\"elementor-element elementor-element-6afac53 e-con-full e-flex elementor-invisible e-con e-child\" data-id=\"6afac53\" data-element_type=\"container\" data-settings=\"{&quot;animation&quot;:&quot;fadeInUp&quot;,&quot;animation_delay&quot;:100}\">\n\t\t\t\t<div class=\"elementor-element elementor-element-5950e37 elementor-widget elementor-widget-text-editor\" data-id=\"5950e37\" data-element_type=\"widget\" data-settings=\"{&quot;ekit_we_effect_on&quot;:&quot;none&quot;}\" data-widget_type=\"text-editor.default\">\n\t\t\t\t\t\t\t\t\t<p>Pellets sollten an einem trockenen Ort, in einem \u00fcberdachten und bel\u00fcfteten Geb\u00e4ude gelagert werden. Die Pellet-S\u00e4cke m\u00fcssen vom Boden isoliert werden, indem sie auf Paletten gestapelt werden.<\/p>\t\t\t\t\t\t\t\t<\/div>\n\t\t\t\t<\/div>\n\t\t\t\t<\/div>\n\t\t<div class=\"elementor-element elementor-element-dab7c03 e-con-full e-flex e-con e-child\" data-id=\"dab7c03\" data-element_type=\"container\">\n\t\t<div class=\"elementor-element elementor-element-9820168 e-con-full e-flex e-con e-child\" data-id=\"9820168\" data-element_type=\"container\">\n\t\t<div class=\"elementor-element elementor-element-16ae924 e-con-full e-flex elementor-invisible e-con e-child\" data-id=\"16ae924\" data-element_type=\"container\" data-settings=\"{&quot;background_background&quot;:&quot;classic&quot;,&quot;animation&quot;:&quot;fadeInUp&quot;}\">\n\t\t\t\t<div class=\"elementor-element elementor-element-7785e2e elementor-align-left elementor-icon-list--layout-traditional elementor-list-item-link-full_width elementor-widget elementor-widget-icon-list\" data-id=\"7785e2e\" data-element_type=\"widget\" data-settings=\"{&quot;ekit_we_effect_on&quot;:&quot;none&quot;}\" data-widget_type=\"icon-list.default\">\n\t\t\t\t\t\t\t<ul class=\"elementor-icon-list-items\">\n\t\t\t\t\t\t\t<li class=\"elementor-icon-list-item\">\n\t\t\t\t\t\t\t\t\t\t\t<span class=\"elementor-icon-list-icon\">\n\t\t\t\t\t\t\t<i aria-hidden=\"true\" class=\"fas fa-circle\"><\/i>\t\t\t\t\t\t<\/span>\n\t\t\t\t\t\t\t\t\t\t<span class=\"elementor-icon-list-text\">Einzelgewicht <b>15 kg<\/b><\/span>\n\t\t\t\t\t\t\t\t\t<\/li>\n\t\t\t\t\t\t\t\t<li class=\"elementor-icon-list-item\">\n\t\t\t\t\t\t\t\t\t\t\t<span class=\"elementor-icon-list-icon\">\n\t\t\t\t\t\t\t<i aria-hidden=\"true\" class=\"fas fa-circle\"><\/i>\t\t\t\t\t\t<\/span>\n\t\t\t\t\t\t\t\t\t\t<span class=\"elementor-icon-list-text\">Palettenart  <b>1x 1,2 m<\/b><\/span>\n\t\t\t\t\t\t\t\t\t<\/li>\n\t\t\t\t\t\t\t\t<li class=\"elementor-icon-list-item\">\n\t\t\t\t\t\t\t\t\t\t\t<span class=\"elementor-icon-list-icon\">\n\t\t\t\t\t\t\t<i aria-hidden=\"true\" class=\"fas fa-circle\"><\/i>\t\t\t\t\t\t<\/span>\n\t\t\t\t\t\t\t\t\t\t<span class=\"elementor-icon-list-text\">Anzahl der Packungen auf der Palette <b>66 St\u00fcck<\/b><\/span>\n\t\t\t\t\t\t\t\t\t<\/li>\n\t\t\t\t\t\t\t\t<li class=\"elementor-icon-list-item\">\n\t\t\t\t\t\t\t\t\t\t\t<span class=\"elementor-icon-list-icon\">\n\t\t\t\t\t\t\t<i aria-hidden=\"true\" class=\"fas fa-circle\"><\/i>\t\t\t\t\t\t<\/span>\n\t\t\t\t\t\t\t\t\t\t<span class=\"elementor-icon-list-text\">Sicherungstyp <b>Foliehaube und Stretchfolie<\/b><\/span>\n\t\t\t\t\t\t\t\t\t<\/li>\n\t\t\t\t\t\t\t\t<li class=\"elementor-icon-list-item\">\n\t\t\t\t\t\t\t\t\t\t\t<span class=\"elementor-icon-list-icon\">\n\t\t\t\t\t\t\t<i aria-hidden=\"true\" class=\"fas fa-circle\"><\/i>\t\t\t\t\t\t<\/span>\n\t\t\t\t\t\t\t\t\t\t<span class=\"elementor-icon-list-text\">Gewicht der Ware auf der Palette <b>990 kg<\/b><\/span>\n\t\t\t\t\t\t\t\t\t<\/li>\n\t\t\t\t\t\t<\/ul>\n\t\t\t\t\t\t<\/div>\n\t\t\t\t<\/div>\n\t\t<div class=\"elementor-element elementor-element-9b3d976 e-con-full e-flex elementor-invisible e-con e-child\" data-id=\"9b3d976\" data-element_type=\"container\" data-settings=\"{&quot;background_background&quot;:&quot;classic&quot;,&quot;animation&quot;:&quot;fadeInUp&quot;,&quot;animation_delay&quot;:100}\">\n\t\t\t\t<div class=\"elementor-element elementor-element-816b6a7 elementor-widget elementor-widget-text-editor\" data-id=\"816b6a7\" data-element_type=\"widget\" data-settings=\"{&quot;ekit_we_effect_on&quot;:&quot;none&quot;}\" data-widget_type=\"text-editor.default\">\n\t\t\t\t\t\t\t\t\t<p>Pellets sollten nur mit geschlossenen Stra\u00dfenfahrzeugen transportiert werden. Die Ladungssicherung und -anordnung muss den Vorschriften f\u00fcr den Stra\u00dfentransport entsprechen.<\/p>\t\t\t\t\t\t\t\t<\/div>\n\t\t\t\t<\/div>\n\t\t\t\t<\/div>\n\t\t<div class=\"elementor-element elementor-element-7a9a538 e-con-full e-flex elementor-invisible e-con e-child\" data-id=\"7a9a538\" data-element_type=\"container\" data-settings=\"{&quot;animation&quot;:&quot;fadeInUp&quot;,&quot;animation_delay&quot;:200}\">\n\t\t\t\t<div class=\"elementor-element elementor-element-fb474c6 at-shiny-glass-effect core-value-image-cbd at-image-animation at-animation-image-none elementor-widget elementor-widget-image\" data-id=\"fb474c6\" data-element_type=\"widget\" data-settings=\"{&quot;ekit_we_effect_on&quot;:&quot;none&quot;}\" data-widget_type=\"image.default\">\n\t\t\t\t\t\t\t\t\t\t\t\t\t\t\t<img decoding=\"async\" width=\"1000\" height=\"1000\" src=\"http:\/\/bsh.info.pl\/wp-content\/uploads\/2025\/07\/bshpelletA1blisko.png\" class=\"attachment-full size-full wp-image-5840\" alt=\"Pellet A1 BSH z bliska\" srcset=\"http:\/\/bsh.info.pl\/wp-content\/uploads\/2025\/07\/bshpelletA1blisko.png 1000w, http:\/\/bsh.info.pl\/wp-content\/uploads\/2025\/07\/bshpelletA1blisko-300x300.png 300w, http:\/\/bsh.info.pl\/wp-content\/uploads\/2025\/07\/bshpelletA1blisko-150x150.png 150w, http:\/\/bsh.info.pl\/wp-content\/uploads\/2025\/07\/bshpelletA1blisko-768x768.png 768w, http:\/\/bsh.info.pl\/wp-content\/uploads\/2025\/07\/bshpelletA1blisko-600x600.png 600w, http:\/\/bsh.info.pl\/wp-content\/uploads\/2025\/07\/bshpelletA1blisko-100x100.png 100w\" sizes=\"(max-width: 1000px) 100vw, 1000px\" \/>\t\t\t\t\t\t\t\t\t\t\t\t\t\t\t<\/div>\n\t\t\t\t<\/div>\n\t\t\t\t<\/div>\n\t\t\t\t\t<\/div>\n\t\t\t\t<\/div>\n\t\t<div class=\"elementor-element elementor-element-4954f5c e-flex e-con-boxed e-con e-parent\" data-id=\"4954f5c\" data-element_type=\"container\">\n\t\t\t\t\t<div class=\"e-con-inner\">\n\t\t\t\t<div class=\"elementor-element elementor-element-337661f elementor-arrows-position-inside elementor-pagination-position-outside elementor-widget elementor-widget-image-carousel\" data-id=\"337661f\" data-element_type=\"widget\" data-settings=\"{&quot;navigation&quot;:&quot;both&quot;,&quot;autoplay&quot;:&quot;yes&quot;,&quot;pause_on_hover&quot;:&quot;yes&quot;,&quot;pause_on_interaction&quot;:&quot;yes&quot;,&quot;autoplay_speed&quot;:5000,&quot;infinite&quot;:&quot;yes&quot;,&quot;speed&quot;:500,&quot;ekit_we_effect_on&quot;:&quot;none&quot;}\" data-widget_type=\"image-carousel.default\">\n\t\t\t\t\t\t\t<div class=\"elementor-image-carousel-wrapper swiper\" role=\"region\" aria-roledescription=\"carousel\" aria-label=\"Karuzela obrazk\u00f3w\" dir=\"ltr\">\n\t\t\t<div class=\"elementor-image-carousel swiper-wrapper\" aria-live=\"off\">\n\t\t\t\t\t\t\t\t<div class=\"swiper-slide\" role=\"group\" aria-roledescription=\"slide\" aria-label=\"1 z 7\"><figure class=\"swiper-slide-inner\"><img decoding=\"async\" class=\"swiper-slide-image\" src=\"http:\/\/bsh.info.pl\/wp-content\/uploads\/2025\/07\/bshpelletA1blisko-1.png\" alt=\"Pellet A1 premium z bliska\" \/><\/figure><\/div><div class=\"swiper-slide\" role=\"group\" aria-roledescription=\"slide\" aria-label=\"2 z 7\"><figure class=\"swiper-slide-inner\"><img decoding=\"async\" class=\"swiper-slide-image\" src=\"http:\/\/bsh.info.pl\/wp-content\/uploads\/2025\/07\/bshpelletA1bok.png\" alt=\"Pellet A1 premium od BSH\" \/><\/figure><\/div><div class=\"swiper-slide\" role=\"group\" aria-roledescription=\"slide\" aria-label=\"3 z 7\"><figure class=\"swiper-slide-inner\"><img decoding=\"async\" class=\"swiper-slide-image\" src=\"http:\/\/bsh.info.pl\/wp-content\/uploads\/2025\/07\/bshpelletA1bok2.png\" alt=\"Pellet A1 premium worek 15 kg\" \/><\/figure><\/div><div class=\"swiper-slide\" role=\"group\" aria-roledescription=\"slide\" aria-label=\"4 z 7\"><figure class=\"swiper-slide-inner\"><img decoding=\"async\" class=\"swiper-slide-image\" src=\"http:\/\/bsh.info.pl\/wp-content\/uploads\/2025\/07\/bshpelletA1front-1.png\" alt=\"BSH pellet A1 premium\" \/><\/figure><\/div><div class=\"swiper-slide\" role=\"group\" aria-roledescription=\"slide\" aria-label=\"5 z 7\"><figure class=\"swiper-slide-inner\"><img decoding=\"async\" class=\"swiper-slide-image\" src=\"http:\/\/bsh.info.pl\/wp-content\/uploads\/2025\/07\/bshpelletA1lezacypng.png\" alt=\"Pellet A1 widok na ty\u0142 produktu\" \/><\/figure><\/div><div class=\"swiper-slide\" role=\"group\" aria-roledescription=\"slide\" aria-label=\"6 z 7\"><figure class=\"swiper-slide-inner\"><img decoding=\"async\" class=\"swiper-slide-image\" src=\"http:\/\/bsh.info.pl\/wp-content\/uploads\/2025\/07\/bshpelletA1otworozny-1.png\" alt=\"BSH Pellet A1 Premium\" \/><\/figure><\/div><div class=\"swiper-slide\" role=\"group\" aria-roledescription=\"slide\" aria-label=\"7 z 7\"><figure class=\"swiper-slide-inner\"><img decoding=\"async\" class=\"swiper-slide-image\" src=\"http:\/\/bsh.info.pl\/wp-content\/uploads\/2025\/07\/bshpelletA1tyl.png\" alt=\"BSH Pellet A1 premium worek 15kg\" \/><\/figure><\/div>\t\t\t<\/div>\n\t\t\t\t\t\t\t\t\t\t\t\t<div class=\"elementor-swiper-button elementor-swiper-button-prev\" role=\"button\" tabindex=\"0\">\n\t\t\t\t\t\t<i aria-hidden=\"true\" class=\"eicon-chevron-left\"><\/i>\t\t\t\t\t<\/div>\n\t\t\t\t\t<div class=\"elementor-swiper-button elementor-swiper-button-next\" role=\"button\" tabindex=\"0\">\n\t\t\t\t\t\t<i aria-hidden=\"true\" class=\"eicon-chevron-right\"><\/i>\t\t\t\t\t<\/div>\n\t\t\t\t\n\t\t\t\t\t\t\t\t\t<div class=\"swiper-pagination\"><\/div>\n\t\t\t\t\t\t\t\t\t<\/div>\n\t\t\t\t\t\t<\/div>\n\t\t\t\t\t<\/div>\n\t\t\t\t<\/div>\n\t\t\t\t<\/div>\n\t\t","protected":false},"excerpt":{"rendered":"<p>Holzpellets A1 Holzpellets A1 Premium Heizwert 17.8MJ\/kg Feuchtigkeitsgehalt<\/p>\n","protected":false},"author":1,"featured_media":0,"parent":0,"menu_order":0,"comment_status":"closed","ping_status":"closed","template":"elementor_header_footer","meta":{"footnotes":""},"class_list":["post-6034","page","type-page","status-publish","hentry"],"aioseo_notices":[],"_links":{"self":[{"href":"http:\/\/bsh.info.pl\/index.php\/wp-json\/wp\/v2\/pages\/6034","targetHints":{"allow":["GET"]}}],"collection":[{"href":"http:\/\/bsh.info.pl\/index.php\/wp-json\/wp\/v2\/pages"}],"about":[{"href":"http:\/\/bsh.info.pl\/index.php\/wp-json\/wp\/v2\/types\/page"}],"author":[{"embeddable":true,"href":"http:\/\/bsh.info.pl\/index.php\/wp-json\/wp\/v2\/users\/1"}],"replies":[{"embeddable":true,"href":"http:\/\/bsh.info.pl\/index.php\/wp-json\/wp\/v2\/comments?post=6034"}],"version-history":[{"count":11,"href":"http:\/\/bsh.info.pl\/index.php\/wp-json\/wp\/v2\/pages\/6034\/revisions"}],"predecessor-version":[{"id":6344,"href":"http:\/\/bsh.info.pl\/index.php\/wp-json\/wp\/v2\/pages\/6034\/revisions\/6344"}],"wp:attachment":[{"href":"http:\/\/bsh.info.pl\/index.php\/wp-json\/wp\/v2\/media?parent=6034"}],"curies":[{"name":"wp","href":"https:\/\/api.w.org\/{rel}","templated":true}]}}