{"id":6087,"date":"2025-07-30T01:27:37","date_gmt":"2025-07-29T23:27:37","guid":{"rendered":"https:\/\/bsh.info.pl\/?page_id=6087"},"modified":"2025-07-30T02:39:31","modified_gmt":"2025-07-30T00:39:31","slug":"europaische-fonds","status":"publish","type":"page","link":"http:\/\/bsh.info.pl\/index.php\/de\/europaische-fonds\/","title":{"rendered":"Europ\u00e4ische Fonds"},"content":{"rendered":"\t\t<div data-elementor-type=\"wp-page\" data-elementor-id=\"6087\" class=\"elementor elementor-6087\">\n\t\t\t\t<div data-ekitparallax=\"{&quot;ekit_section_parallax_bg&quot;:&quot;yes&quot;,&quot;ekit_section_parallax_bg_speed&quot;:0.5,&quot;elementor_lazy_load&quot;:&quot;1&quot;}\" class=\"elementor-element elementor-element-cf981f2 page-header-hero-cbd e-flex e-con-boxed e-con e-parent\" data-id=\"cf981f2\" data-element_type=\"container\" data-settings=\"{&quot;background_background&quot;:&quot;classic&quot;}\">\n\t\t\t\t\t<div class=\"e-con-inner\">\n\t\t<div class=\"elementor-element elementor-element-7644f8e e-con-full e-flex e-con e-child\" data-id=\"7644f8e\" data-element_type=\"container\">\n\t\t\t\t<div class=\"elementor-element elementor-element-afab242 at-heading-animation at-animation-heading-style-3 elementor-widget elementor-widget-heading\" data-id=\"afab242\" data-element_type=\"widget\" data-settings=\"{&quot;ekit_we_effect_on&quot;:&quot;none&quot;}\" data-widget_type=\"heading.default\">\n\t\t\t\t\t<h1 class=\"elementor-heading-title elementor-size-default\">Europ\u00e4ische Fonds f\u00fcr eine moderne Wirtschaft<\/h1>\t\t\t\t<\/div>\n\t\t\t\t<\/div>\n\t\t\t\t\t<\/div>\n\t\t\t\t<\/div>\n\t\t<div class=\"elementor-element elementor-element-2e13c6c e-grid e-con-boxed e-con e-parent\" data-id=\"2e13c6c\" data-element_type=\"container\">\n\t\t\t\t\t<div class=\"e-con-inner\">\n\t\t\t\t<div class=\"elementor-element elementor-element-2590a83 elementor-widget elementor-widget-text-editor\" data-id=\"2590a83\" data-element_type=\"widget\" data-settings=\"{&quot;ekit_we_effect_on&quot;:&quot;none&quot;}\" data-widget_type=\"text-editor.default\">\n\t\t\t\t\t\t\t\t\t<div class=\"wpb_text_column wpb_content_element \"><div class=\"wpb_wrapper\"><div class=\"v1OutlineElement v1Ltr v1SCXW6254339 v1BCX0\"><p data-start=\"36\" data-end=\"162\"><strong data-start=\"36\" data-end=\"162\">Die Firma BSH D\u0104BROWSCY SP\u00d3\u0141KA JAWNA hat eine F\u00f6rderung aus den Europ\u00e4ischen Union f\u00fcr das Projekt mit dem Titel erhalten:<\/strong><\/p><p data-start=\"164\" data-end=\"376\">\u201e<strong data-start=\"165\" data-end=\"375\">Implementierung von Innovationen im Gesch\u00e4ftsprozess der Produktion von Festbrennstoffen in Form von Pellets, die aus S\u00e4gemehl unter Verwendung eines Bindemittels in Form von Reiswaffeln hergestellt werden.<\/strong>\u201d<\/p><p data-start=\"378\" data-end=\"1093\">Das Projekt betrifft die Implementierung von Innovationen im Gesch\u00e4ftsprozess der Produktion von Festbrennstoffen in Form von Pellets durch die Verwendung eines nat\u00fcrlichen Bindemittels in Form von Reiswaffeln. Der Einsatz von Reiswaffeln (die nicht f\u00fcr den Verzehr bestimmt sind und als Abfall zur Wiederverwendung klassifiziert werden) erm\u00f6glicht eine Reduzierung des Stromverbrauchs im Produktionsprozess, eine Steigerung der Produktionseffizienz und eine Verl\u00e4ngerung der Lebensdauer der Arbeitskomponenten des Granulators, was zu einer erheblichen Kostensenkung f\u00fchren wird. Das Ergebnis des Projekts wird daher die Implementierung einer Gesch\u00e4ftsinnovation zur Kostensenkung gem\u00e4\u00df dem \u201eOslo Manual 2018\u201c sein.<\/p><p data-start=\"1095\" data-end=\"1237\">Das Projekt wird in zwei Modulen durchgef\u00fchrt: das Modul der Innovationsimplementierung und das Modul der \u201eGr\u00fcnverlagerung von Unternehmen\u201c.<\/p><p data-start=\"1239\" data-end=\"1835\">Die Umsetzung des Projekts im Modul der Innovationsimplementierung sieht den Bau eines Produktionsgeb\u00e4udes mit einer vollst\u00e4ndigen innovativen Produktionslinie f\u00fcr Pellets vor (einschlie\u00dflich des Kaufs einer Pelletproduktionseinheit mit einer Kapazit\u00e4t von 8 t\/h, einer Verpackungsstra\u00dfe mit einer Kapazit\u00e4t von 8 t\/h, vier Stahl-Silos, einem Transformator mit einer Leistung von 1,5 MW, dem Kauf und der Installation von Automatisierungs- und Installationssystemen, die f\u00fcr die Inbetriebnahme der kompletten Pelletproduktionslinie erforderlich sind, sowie dem Bau eines Feuerl\u00f6schwassertanks).<\/p><p data-start=\"1837\" data-end=\"2356\">Das neu errichtete Produktionswerk wird teilweise durch Photovoltaikanlagen auf dem Dach des Geb\u00e4udes mit Strom versorgt, deren Bau im Rahmen des Moduls \u201eGr\u00fcnverlagerung von Unternehmen\u201c vorgesehen ist. Diese Ma\u00dfnahmen erg\u00e4nzen sich gegenseitig und sind darauf ausgerichtet, ein einziges Ziel zu erreichen: die Implementierung von Innovationen im Gesch\u00e4ftsprozess in Bezug auf die Kostensenkung des Unternehmens gem\u00e4\u00df den Messkriterien f\u00fcr wissenschaftlich-technische und innovative T\u00e4tigkeiten im \u201eOslo Manual 2018\u201c.<\/p><p data-start=\"2358\" data-end=\"2682\">Das Projekt wird von den Mitarbeitern genutzt, die an der Entwicklung neuer Produkte beteiligt sind, sowie von den Innovationsmanagern der Firma BSH D\u0104BROWSCY SP\u00d3\u0141KA JAWNA. Letztendlich werden die modernen Produkte, die auf den Markt gebracht werden, den Kunden des Unternehmens in Polen und im Ausland zur Verf\u00fcgung stehen.<\/p><p data-start=\"2684\" data-end=\"2713\">#EU-Fonds #Europ\u00e4ischeFonds<\/p><p data-start=\"2715\" data-end=\"2821\"><strong data-start=\"2715\" data-end=\"2731\">Projektwert:<\/strong> 30.464.926,59 PLN<br data-start=\"2749\" data-end=\"2752\" \/><strong data-start=\"2752\" data-end=\"2801\">H\u00f6he des Beitrags aus den Europ\u00e4ischen Fonds:<\/strong> 14.873.439,80 PLN<\/p><\/div><\/div><\/div>\t\t\t\t\t\t\t\t<\/div>\n\t\t\t\t<div class=\"elementor-element elementor-element-0b85a6a at-image-animation at-animation-image-none at-none elementor-widget elementor-widget-image\" data-id=\"0b85a6a\" data-element_type=\"widget\" data-settings=\"{&quot;ekit_we_effect_on&quot;:&quot;none&quot;}\" data-widget_type=\"image.default\">\n\t\t\t\t\t\t\t\t\t\t\t\t\t\t\t<img fetchpriority=\"high\" decoding=\"async\" width=\"800\" height=\"106\" src=\"http:\/\/bsh.info.pl\/wp-content\/uploads\/2025\/07\/dofinansowanieUniaEuropejska-1024x136.jpg\" class=\"attachment-large size-large wp-image-5802\" alt=\"Fundusze europejskie dla nowoczesnej gospodarki\" srcset=\"http:\/\/bsh.info.pl\/wp-content\/uploads\/2025\/07\/dofinansowanieUniaEuropejska-1024x136.jpg 1024w, http:\/\/bsh.info.pl\/wp-content\/uploads\/2025\/07\/dofinansowanieUniaEuropejska-600x80.jpg 600w, http:\/\/bsh.info.pl\/wp-content\/uploads\/2025\/07\/dofinansowanieUniaEuropejska-300x40.jpg 300w, http:\/\/bsh.info.pl\/wp-content\/uploads\/2025\/07\/dofinansowanieUniaEuropejska-768x102.jpg 768w, http:\/\/bsh.info.pl\/wp-content\/uploads\/2025\/07\/dofinansowanieUniaEuropejska-1536x204.jpg 1536w, http:\/\/bsh.info.pl\/wp-content\/uploads\/2025\/07\/dofinansowanieUniaEuropejska.jpg 2000w\" sizes=\"(max-width: 800px) 100vw, 800px\" \/>\t\t\t\t\t\t\t\t\t\t\t\t\t\t\t<\/div>\n\t\t\t\t\t<\/div>\n\t\t\t\t<\/div>\n\t\t\t\t<\/div>\n\t\t","protected":false},"excerpt":{"rendered":"<p>Europ\u00e4ische Fonds f\u00fcr eine moderne Wirtschaft Die Firma BSH D\u0104BROWSCY SP\u00d3\u0141KA JAWNA [&hellip;]<\/p>\n","protected":false},"author":1,"featured_media":0,"parent":0,"menu_order":0,"comment_status":"closed","ping_status":"closed","template":"elementor_header_footer","meta":{"footnotes":""},"class_list":["post-6087","page","type-page","status-publish","hentry"],"aioseo_notices":[],"_links":{"self":[{"href":"http:\/\/bsh.info.pl\/index.php\/wp-json\/wp\/v2\/pages\/6087","targetHints":{"allow":["GET"]}}],"collection":[{"href":"http:\/\/bsh.info.pl\/index.php\/wp-json\/wp\/v2\/pages"}],"about":[{"href":"http:\/\/bsh.info.pl\/index.php\/wp-json\/wp\/v2\/types\/page"}],"author":[{"embeddable":true,"href":"http:\/\/bsh.info.pl\/index.php\/wp-json\/wp\/v2\/users\/1"}],"replies":[{"embeddable":true,"href":"http:\/\/bsh.info.pl\/index.php\/wp-json\/wp\/v2\/comments?post=6087"}],"version-history":[{"count":4,"href":"http:\/\/bsh.info.pl\/index.php\/wp-json\/wp\/v2\/pages\/6087\/revisions"}],"predecessor-version":[{"id":6091,"href":"http:\/\/bsh.info.pl\/index.php\/wp-json\/wp\/v2\/pages\/6087\/revisions\/6091"}],"wp:attachment":[{"href":"http:\/\/bsh.info.pl\/index.php\/wp-json\/wp\/v2\/media?parent=6087"}],"curies":[{"name":"wp","href":"https:\/\/api.w.org\/{rel}","templated":true}]}}