{"id":6092,"date":"2025-07-30T01:28:51","date_gmt":"2025-07-29T23:28:51","guid":{"rendered":"https:\/\/bsh.info.pl\/?page_id=6092"},"modified":"2025-07-30T02:30:59","modified_gmt":"2025-07-30T00:30:59","slug":"fonds-europeens","status":"publish","type":"page","link":"http:\/\/bsh.info.pl\/index.php\/fr\/fonds-europeens\/","title":{"rendered":"Fonds europ\u00e9ens"},"content":{"rendered":"\t\t<div data-elementor-type=\"wp-page\" data-elementor-id=\"6092\" class=\"elementor elementor-6092\">\n\t\t\t\t<div data-ekitparallax=\"{&quot;ekit_section_parallax_bg&quot;:&quot;yes&quot;,&quot;ekit_section_parallax_bg_speed&quot;:0.5,&quot;elementor_lazy_load&quot;:&quot;1&quot;}\" class=\"elementor-element elementor-element-cf981f2 page-header-hero-cbd e-flex e-con-boxed e-con e-parent\" data-id=\"cf981f2\" data-element_type=\"container\" data-settings=\"{&quot;background_background&quot;:&quot;classic&quot;}\">\n\t\t\t\t\t<div class=\"e-con-inner\">\n\t\t<div class=\"elementor-element elementor-element-7644f8e e-con-full e-flex e-con e-child\" data-id=\"7644f8e\" data-element_type=\"container\">\n\t\t\t\t<div class=\"elementor-element elementor-element-afab242 at-heading-animation at-animation-heading-style-3 elementor-widget elementor-widget-heading\" data-id=\"afab242\" data-element_type=\"widget\" data-settings=\"{&quot;ekit_we_effect_on&quot;:&quot;none&quot;}\" data-widget_type=\"heading.default\">\n\t\t\t\t\t<h1 class=\"elementor-heading-title elementor-size-default\">Fonds europ\u00e9ens pour une \u00e9conomie moderne<\/h1>\t\t\t\t<\/div>\n\t\t\t\t<\/div>\n\t\t\t\t\t<\/div>\n\t\t\t\t<\/div>\n\t\t<div class=\"elementor-element elementor-element-2e13c6c e-grid e-con-boxed e-con e-parent\" data-id=\"2e13c6c\" data-element_type=\"container\">\n\t\t\t\t\t<div class=\"e-con-inner\">\n\t\t\t\t<div class=\"elementor-element elementor-element-2590a83 elementor-widget elementor-widget-text-editor\" data-id=\"2590a83\" data-element_type=\"widget\" data-settings=\"{&quot;ekit_we_effect_on&quot;:&quot;none&quot;}\" data-widget_type=\"text-editor.default\">\n\t\t\t\t\t\t\t\t\t<div class=\"wpb_text_column wpb_content_element \"><div class=\"wpb_wrapper\"><div class=\"v1OutlineElement v1Ltr v1SCXW6254339 v1BCX0\"><p data-start=\"36\" data-end=\"147\"><strong data-start=\"36\" data-end=\"147\">La soci\u00e9t\u00e9 BSH D\u0104BROWSCY SP\u00d3\u0141KA JAWNA a re\u00e7u une subvention de l&#8217;Union Europ\u00e9enne pour le projet intitul\u00e9 :<\/strong><\/p><p data-start=\"149\" data-end=\"369\">\u201e<strong data-start=\"150\" data-end=\"368\">Mise en \u0153uvre de l&#8217;innovation dans le processus commercial de production de combustibles solides sous forme de pellets obtenus \u00e0 partir de sciure de bois, en utilisant un liant naturel sous forme de gaufres de riz.<\/strong>\u201d<\/p><p data-start=\"371\" data-end=\"1105\">Le projet concerne la mise en \u0153uvre de l&#8217;innovation dans le processus commercial de production de combustibles solides sous forme de pellets en utilisant un liant naturel sous forme de gaufres de riz. L&#8217;utilisation des gaufres de riz (qui ne sont pas destin\u00e9es \u00e0 la consommation et class\u00e9es comme d\u00e9chets pour r\u00e9utilisation) permettra de r\u00e9duire la consommation d&#8217;\u00e9nergie \u00e9lectrique dans le processus de production, d&#8217;augmenter l&#8217;efficacit\u00e9 de la production et de prolonger la dur\u00e9e de vie des composants de travail du granulateur, ce qui entra\u00eenera une r\u00e9duction significative des co\u00fbts. Le r\u00e9sultat du projet sera donc la mise en \u0153uvre d&#8217;une innovation commerciale visant \u00e0 r\u00e9duire les co\u00fbts, conform\u00e9ment au \u00ab Manuel d&#8217;Oslo 2018 \u00bb.<\/p><p data-start=\"1107\" data-end=\"1240\">Le projet sera r\u00e9alis\u00e9 en deux modules : le module de mise en \u0153uvre de l&#8217;innovation et le module de \u00ab verdissement des entreprises \u00bb.<\/p><p data-start=\"1242\" data-end=\"1841\">La mise en \u0153uvre du projet dans le module de mise en \u0153uvre de l&#8217;innovation pr\u00e9voit la construction d&#8217;un b\u00e2timent de production avec une ligne de production innovante compl\u00e8te pour la fabrication de pellets (y compris l&#8217;achat d&#8217;une ligne de production de pellets avec une capacit\u00e9 de 8 t\/h, une ligne d&#8217;emballage avec une capacit\u00e9 de 8 t\/h, quatre silos en acier, un transformateur de 1,5 MW, l&#8217;achat et l&#8217;installation de syst\u00e8mes d&#8217;automatisation et d&#8217;installations n\u00e9cessaires \u00e0 la mise en service de la ligne de production de pellets, ainsi que la construction d&#8217;un r\u00e9servoir d&#8217;eau anti-incendie).<\/p><p data-start=\"1843\" data-end=\"2415\">La nouvelle usine de production sera partiellement aliment\u00e9e par des panneaux photovolta\u00efques install\u00e9s sur le toit du b\u00e2timent, dont la construction est pr\u00e9vue dans le cadre du module \u00ab Verdissement des entreprises \u00bb. Ces mesures sont compl\u00e9mentaires, s&#8217;harmonisent mutuellement et visent \u00e0 atteindre un objectif unique : la mise en \u0153uvre d&#8217;une innovation dans le processus commercial li\u00e9e \u00e0 la r\u00e9duction des co\u00fbts de l&#8217;entreprise, conform\u00e9ment aux crit\u00e8res de mesure des activit\u00e9s scientifiques et techniques et des activit\u00e9s d&#8217;innovation dans le \u00ab Manuel d&#8217;Oslo 2018 \u00bb.<\/p><p data-start=\"2417\" data-end=\"2705\">Le projet b\u00e9n\u00e9ficiera aux employ\u00e9s impliqu\u00e9s dans le d\u00e9veloppement de nouveaux produits et aux responsables de l&#8217;innovation chez BSH D\u0104BROWSCY SP\u00d3\u0141KA JAWNA. Au final, les nouveaux produits introduits sur le march\u00e9 seront accessibles aux clients de l&#8217;entreprise en Pologne et \u00e0 l&#8217;\u00e9tranger.<\/p><p data-start=\"2707\" data-end=\"2731\">#FondsUE #FondsEurop\u00e9ens<\/p><p data-start=\"2733\" data-end=\"2846\"><strong data-start=\"2733\" data-end=\"2755\">Valeur du projet :<\/strong> 30 464 926,59 PLN<br data-start=\"2773\" data-end=\"2776\" \/><strong data-start=\"2776\" data-end=\"2828\">Montant de la contribution des Fonds Europ\u00e9ens :<\/strong> 14 873 439,80 PLN<\/p><\/div><\/div><\/div>\t\t\t\t\t\t\t\t<\/div>\n\t\t\t\t<div class=\"elementor-element elementor-element-0b85a6a at-image-animation at-animation-image-none at-none elementor-widget elementor-widget-image\" data-id=\"0b85a6a\" data-element_type=\"widget\" data-settings=\"{&quot;ekit_we_effect_on&quot;:&quot;none&quot;}\" data-widget_type=\"image.default\">\n\t\t\t\t\t\t\t\t\t\t\t\t\t\t\t<img fetchpriority=\"high\" decoding=\"async\" width=\"800\" height=\"106\" src=\"http:\/\/bsh.info.pl\/wp-content\/uploads\/2025\/07\/dofinansowanieUniaEuropejska-1024x136.jpg\" class=\"attachment-large size-large wp-image-5802\" alt=\"Fundusze europejskie dla nowoczesnej gospodarki\" srcset=\"http:\/\/bsh.info.pl\/wp-content\/uploads\/2025\/07\/dofinansowanieUniaEuropejska-1024x136.jpg 1024w, http:\/\/bsh.info.pl\/wp-content\/uploads\/2025\/07\/dofinansowanieUniaEuropejska-600x80.jpg 600w, http:\/\/bsh.info.pl\/wp-content\/uploads\/2025\/07\/dofinansowanieUniaEuropejska-300x40.jpg 300w, http:\/\/bsh.info.pl\/wp-content\/uploads\/2025\/07\/dofinansowanieUniaEuropejska-768x102.jpg 768w, http:\/\/bsh.info.pl\/wp-content\/uploads\/2025\/07\/dofinansowanieUniaEuropejska-1536x204.jpg 1536w, http:\/\/bsh.info.pl\/wp-content\/uploads\/2025\/07\/dofinansowanieUniaEuropejska.jpg 2000w\" sizes=\"(max-width: 800px) 100vw, 800px\" \/>\t\t\t\t\t\t\t\t\t\t\t\t\t\t\t<\/div>\n\t\t\t\t\t<\/div>\n\t\t\t\t<\/div>\n\t\t\t\t<\/div>\n\t\t","protected":false},"excerpt":{"rendered":"<p>Fonds europ\u00e9ens pour une \u00e9conomie moderne La soci\u00e9t\u00e9 BSH D\u0104BROWSCY SP\u00d3\u0141KA JAWNA [&hellip;]<\/p>\n","protected":false},"author":1,"featured_media":0,"parent":0,"menu_order":0,"comment_status":"closed","ping_status":"closed","template":"elementor_header_footer","meta":{"footnotes":""},"class_list":["post-6092","page","type-page","status-publish","hentry"],"aioseo_notices":[],"_links":{"self":[{"href":"http:\/\/bsh.info.pl\/index.php\/wp-json\/wp\/v2\/pages\/6092","targetHints":{"allow":["GET"]}}],"collection":[{"href":"http:\/\/bsh.info.pl\/index.php\/wp-json\/wp\/v2\/pages"}],"about":[{"href":"http:\/\/bsh.info.pl\/index.php\/wp-json\/wp\/v2\/types\/page"}],"author":[{"embeddable":true,"href":"http:\/\/bsh.info.pl\/index.php\/wp-json\/wp\/v2\/users\/1"}],"replies":[{"embeddable":true,"href":"http:\/\/bsh.info.pl\/index.php\/wp-json\/wp\/v2\/comments?post=6092"}],"version-history":[{"count":4,"href":"http:\/\/bsh.info.pl\/index.php\/wp-json\/wp\/v2\/pages\/6092\/revisions"}],"predecessor-version":[{"id":6096,"href":"http:\/\/bsh.info.pl\/index.php\/wp-json\/wp\/v2\/pages\/6092\/revisions\/6096"}],"wp:attachment":[{"href":"http:\/\/bsh.info.pl\/index.php\/wp-json\/wp\/v2\/media?parent=6092"}],"curies":[{"name":"wp","href":"https:\/\/api.w.org\/{rel}","templated":true}]}}