{"id":6102,"date":"2025-07-30T01:31:32","date_gmt":"2025-07-29T23:31:32","guid":{"rendered":"https:\/\/bsh.info.pl\/?page_id=6102"},"modified":"2025-07-30T02:32:09","modified_gmt":"2025-07-30T00:32:09","slug":"politique-de-confidentialite","status":"publish","type":"page","link":"http:\/\/bsh.info.pl\/index.php\/fr\/politique-de-confidentialite\/","title":{"rendered":"Politique de confidentialit\u00e9"},"content":{"rendered":"\t\t<div data-elementor-type=\"wp-page\" data-elementor-id=\"6102\" class=\"elementor elementor-6102\">\n\t\t\t\t<div class=\"elementor-element elementor-element-532e859b e-flex e-con-boxed e-con e-parent\" data-id=\"532e859b\" data-element_type=\"container\">\n\t\t\t\t\t<div class=\"e-con-inner\">\n\t\t\t\t<div class=\"elementor-element elementor-element-437724e1 elementor-widget elementor-widget-text-editor\" data-id=\"437724e1\" data-element_type=\"widget\" data-settings=\"{&quot;ekit_we_effect_on&quot;:&quot;none&quot;}\" data-widget_type=\"text-editor.default\">\n\t\t\t\t\t\t\t\t\t<p data-start=\"0\" data-end=\"32\"><strong data-start=\"0\" data-end=\"32\">Politique de confidentialit\u00e9<\/strong><\/p><ol data-start=\"34\" data-end=\"96\"><li data-start=\"34\" data-end=\"96\"><p data-start=\"37\" data-end=\"96\"><strong data-start=\"37\" data-end=\"96\">Responsable du traitement de vos donn\u00e9es personnelles :<\/strong><\/p><\/li><\/ol><p data-start=\"98\" data-end=\"270\">BSH D\u0105browscy Sp\u00f3\u0142ka Jawna<br data-start=\"124\" data-end=\"127\" \/>Si\u00e8ge social : ul. Piotrkowska 28, 95-080 Syski<br data-start=\"174\" data-end=\"177\" \/>Num\u00e9ro de TVA : 7282812421<br data-start=\"203\" data-end=\"206\" \/>Num\u00e9ro REGON : 366028609<br data-start=\"230\" data-end=\"233\" \/>E-mail de contact : <a class=\"cursor-pointer\" rel=\"noopener\" data-start=\"253\" data-end=\"270\">biuro@bsh.info.pl<\/a><\/p><ol start=\"2\" data-start=\"272\" data-end=\"471\"><li data-start=\"272\" data-end=\"471\"><p data-start=\"275\" data-end=\"471\"><strong data-start=\"275\" data-end=\"312\">Quelles donn\u00e9es collectons-nous ?<\/strong><br data-start=\"312\" data-end=\"315\" \/>Nous collectons uniquement les donn\u00e9es n\u00e9cessaires \u00e0 l&#8217;ex\u00e9cution des commandes, au contact avec le client et \u00e0 l&#8217;activit\u00e9 commerciale. Cela peut inclure :<\/p><\/li><\/ol><ul data-start=\"472\" data-end=\"664\"><li data-start=\"472\" data-end=\"489\"><p data-start=\"474\" data-end=\"489\">Pr\u00e9nom et nom<\/p><\/li><li data-start=\"490\" data-end=\"514\"><p data-start=\"492\" data-end=\"514\">Adresse de livraison<\/p><\/li><li data-start=\"515\" data-end=\"533\"><p data-start=\"517\" data-end=\"533\">Adresse e-mail<\/p><\/li><li data-start=\"534\" data-end=\"557\"><p data-start=\"536\" data-end=\"557\">Num\u00e9ro de t\u00e9l\u00e9phone<\/p><\/li><li data-start=\"558\" data-end=\"612\"><p data-start=\"560\" data-end=\"612\">Donn\u00e9es de facturation (entreprise, num\u00e9ro de TVA)<\/p><\/li><li data-start=\"613\" data-end=\"627\"><p data-start=\"615\" data-end=\"627\">Adresse IP<\/p><\/li><li data-start=\"628\" data-end=\"664\"><p data-start=\"630\" data-end=\"664\">Donn\u00e9es contenues dans les cookies<\/p><\/li><\/ul><ol start=\"3\" data-start=\"666\" data-end=\"771\"><li data-start=\"666\" data-end=\"771\"><p data-start=\"669\" data-end=\"771\"><strong data-start=\"669\" data-end=\"707\">Objectif du traitement des donn\u00e9es<\/strong><br data-start=\"707\" data-end=\"710\" \/>Vos donn\u00e9es personnelles sont trait\u00e9es aux fins suivantes :<\/p><\/li><\/ol><ul data-start=\"772\" data-end=\"1023\"><li data-start=\"772\" data-end=\"810\"><p data-start=\"774\" data-end=\"810\">Ex\u00e9cution et gestion des commandes<\/p><\/li><li data-start=\"811\" data-end=\"854\"><p data-start=\"813\" data-end=\"854\">Contact li\u00e9 \u00e0 l&#8217;ex\u00e9cution des commandes<\/p><\/li><li data-start=\"855\" data-end=\"909\"><p data-start=\"857\" data-end=\"909\">\u00c9mission de documents comptables (factures, re\u00e7us)<\/p><\/li><li data-start=\"910\" data-end=\"952\"><p data-start=\"912\" data-end=\"952\">Traitement des r\u00e9clamations et retours<\/p><\/li><li data-start=\"953\" data-end=\"1023\"><p data-start=\"955\" data-end=\"1023\">R\u00e9alisation de statistiques et d&#8217;analyses pour am\u00e9liorer notre offre<\/p><\/li><\/ul><ol start=\"4\" data-start=\"1025\" data-end=\"1150\"><li data-start=\"1025\" data-end=\"1150\"><p data-start=\"1028\" data-end=\"1150\"><strong data-start=\"1028\" data-end=\"1069\">Base l\u00e9gale du traitement des donn\u00e9es<\/strong><br data-start=\"1069\" data-end=\"1072\" \/>Nous traitons les donn\u00e9es conform\u00e9ment \u00e0 l&#8217;article 6, paragraphe 1 du RGPD :<\/p><\/li><\/ol><ul data-start=\"1151\" data-end=\"1489\"><li data-start=\"1151\" data-end=\"1211\"><p data-start=\"1153\" data-end=\"1211\">Let. b) \u2013 Traitement n\u00e9cessaire \u00e0 l&#8217;ex\u00e9cution du contrat<\/p><\/li><li data-start=\"1212\" data-end=\"1310\"><p data-start=\"1214\" data-end=\"1310\">Let. c) \u2013 Traitement n\u00e9cessaire au respect d&#8217;une obligation l\u00e9gale (par exemple, comptabilit\u00e9)<\/p><\/li><li data-start=\"1311\" data-end=\"1426\"><p data-start=\"1313\" data-end=\"1426\">Let. f) \u2013 Int\u00e9r\u00eat l\u00e9gitime du responsable du traitement (par exemple, marketing direct, pr\u00e9vention des fraudes)<\/p><\/li><li data-start=\"1427\" data-end=\"1489\"><p data-start=\"1429\" data-end=\"1489\">Let. a) \u2013 Consentement (en cas d&#8217;abonnement \u00e0 la newsletter)<\/p><\/li><\/ul><ol start=\"5\" data-start=\"1491\" data-end=\"1561\"><li data-start=\"1491\" data-end=\"1561\"><p data-start=\"1494\" data-end=\"1561\"><strong data-start=\"1494\" data-end=\"1522\">Conservation des donn\u00e9es<\/strong><br data-start=\"1522\" data-end=\"1525\" \/>Les donn\u00e9es sont conserv\u00e9es pour :<\/p><\/li><\/ol><ul data-start=\"1562\" data-end=\"1800\"><li data-start=\"1562\" data-end=\"1618\"><p data-start=\"1564\" data-end=\"1618\">La dur\u00e9e du contrat et de l&#8217;ex\u00e9cution de la commande<\/p><\/li><li data-start=\"1619\" data-end=\"1709\"><p data-start=\"1621\" data-end=\"1709\">Les p\u00e9riodes pr\u00e9vues par la loi (par exemple, conservation des factures pendant 5 ans)<\/p><\/li><li data-start=\"1710\" data-end=\"1800\"><p data-start=\"1712\" data-end=\"1800\">Jusqu&#8217;\u00e0 ce que le consentement soit retir\u00e9 (si le traitement repose sur le consentement)<\/p><\/li><\/ul><ol start=\"6\" data-start=\"1802\" data-end=\"1964\"><li data-start=\"1802\" data-end=\"1964\"><p data-start=\"1805\" data-end=\"1964\"><strong data-start=\"1805\" data-end=\"1828\">Partage des donn\u00e9es<\/strong><br data-start=\"1828\" data-end=\"1831\" \/>Vos donn\u00e9es peuvent \u00eatre partag\u00e9es avec des tiers uniquement dans la mesure n\u00e9cessaire \u00e0 l&#8217;ex\u00e9cution des services, notamment avec :<\/p><\/li><\/ol><ul data-start=\"1965\" data-end=\"2236\"><li data-start=\"1965\" data-end=\"1994\"><p data-start=\"1967\" data-end=\"1994\">Entreprises de messagerie<\/p><\/li><li data-start=\"1995\" data-end=\"2035\"><p data-start=\"1997\" data-end=\"2035\">Prestataires de services de paiement<\/p><\/li><li data-start=\"2036\" data-end=\"2067\"><p data-start=\"2038\" data-end=\"2067\">Entreprises de comptabilit\u00e9<\/p><\/li><li data-start=\"2068\" data-end=\"2105\"><p data-start=\"2070\" data-end=\"2105\">Entreprises d&#8217;h\u00e9bergement et d&#8217;IT<\/p><\/li><li data-start=\"2106\" data-end=\"2236\"><p data-start=\"2108\" data-end=\"2236\">Cabinets d&#8217;avocats (en cas de litige)<br data-start=\"2145\" data-end=\"2148\" \/>Nous avons conclu des contrats de traitement de donn\u00e9es appropri\u00e9s avec ces entreprises.<\/p><\/li><\/ul><ol start=\"7\" data-start=\"2238\" data-end=\"2302\"><li data-start=\"2238\" data-end=\"2302\"><p data-start=\"2241\" data-end=\"2302\"><strong data-start=\"2241\" data-end=\"2255\">Vos droits<\/strong><br data-start=\"2255\" data-end=\"2258\" \/>Conform\u00e9ment au RGPD, vous avez le droit :<\/p><\/li><\/ol><ul data-start=\"2303\" data-end=\"2478\"><li data-start=\"2303\" data-end=\"2330\"><p data-start=\"2305\" data-end=\"2330\">D&#8217;acc\u00e9der \u00e0 vos donn\u00e9es<\/p><\/li><li data-start=\"2331\" data-end=\"2351\"><p data-start=\"2333\" data-end=\"2351\">De les rectifier<\/p><\/li><li data-start=\"2352\" data-end=\"2372\"><p data-start=\"2354\" data-end=\"2372\">De les supprimer<\/p><\/li><li data-start=\"2373\" data-end=\"2403\"><p data-start=\"2375\" data-end=\"2403\">De limiter leur traitement<\/p><\/li><li data-start=\"2404\" data-end=\"2437\"><p data-start=\"2406\" data-end=\"2437\">De vous opposer au traitement<\/p><\/li><li data-start=\"2438\" data-end=\"2478\"><p data-start=\"2440\" data-end=\"2478\">De demander la portabilit\u00e9 des donn\u00e9es<\/p><\/li><\/ul><ol start=\"8\" data-start=\"2480\" data-end=\"2536\"><li data-start=\"2480\" data-end=\"2536\"><p data-start=\"2483\" data-end=\"2536\"><strong data-start=\"2483\" data-end=\"2494\">Cookies<\/strong><br data-start=\"2494\" data-end=\"2497\" \/>Notre site utilise des cookies pour :<\/p><\/li><\/ol><ul data-start=\"2537\" data-end=\"2843\"><li data-start=\"2537\" data-end=\"2578\"><p data-start=\"2539\" data-end=\"2578\">Assurer le bon fonctionnement du site<\/p><\/li><li data-start=\"2579\" data-end=\"2608\"><p data-start=\"2581\" data-end=\"2608\">Analyser des statistiques<\/p><\/li><li data-start=\"2609\" data-end=\"2843\"><p data-start=\"2611\" data-end=\"2843\">Adapter les contenus et publicit\u00e9s (le cas \u00e9ch\u00e9ant)<br data-start=\"2662\" data-end=\"2665\" \/>Vous pouvez g\u00e9rer les param\u00e8tres des cookies dans votre navigateur. Si vous continuez \u00e0 utiliser le site sans modifier les param\u00e8tres, vous consentez \u00e0 l&#8217;utilisation des cookies.<\/p><\/li><\/ul><ol start=\"9\" data-start=\"2845\" data-end=\"3227\" data-is-last-node=\"\" data-is-only-node=\"\"><li data-start=\"2845\" data-end=\"3044\"><p data-start=\"2848\" data-end=\"3044\"><strong data-start=\"2848\" data-end=\"2900\">Modifications de la politique de confidentialit\u00e9<\/strong><br data-start=\"2900\" data-end=\"2903\" \/>Nous nous r\u00e9servons le droit de modifier cette politique de confidentialit\u00e9. La version actuelle sera toujours disponible sur notre site web.<\/p><\/li><li data-start=\"3046\" data-end=\"3227\" data-is-last-node=\"\"><p data-start=\"3050\" data-end=\"3227\" data-is-last-node=\"\"><strong data-start=\"3050\" data-end=\"3061\">Contact<\/strong><br data-start=\"3061\" data-end=\"3064\" \/>Pour toute question concernant le traitement de vos donn\u00e9es personnelles, veuillez nous contacter :<br data-start=\"3163\" data-end=\"3166\" \/>E-mail : <a class=\"cursor-pointer\" rel=\"noopener\" data-start=\"3175\" data-end=\"3192\">biuro@bsh.info.pl<\/a><br data-start=\"3192\" data-end=\"3195\" \/>T\u00e9l\u00e9phone : 538300313, 664828408<\/p><\/li><\/ol>\t\t\t\t\t\t\t\t<\/div>\n\t\t\t\t\t<\/div>\n\t\t\t\t<\/div>\n\t\t\t\t<\/div>\n\t\t","protected":false},"excerpt":{"rendered":"<p>Politique de confidentialit\u00e9 Responsable du traitement de vos donn\u00e9es personnelles : BSH [&hellip;]<\/p>\n","protected":false},"author":1,"featured_media":0,"parent":0,"menu_order":0,"comment_status":"closed","ping_status":"open","template":"","meta":{"footnotes":""},"class_list":["post-6102","page","type-page","status-publish","hentry"],"aioseo_notices":[],"_links":{"self":[{"href":"http:\/\/bsh.info.pl\/index.php\/wp-json\/wp\/v2\/pages\/6102","targetHints":{"allow":["GET"]}}],"collection":[{"href":"http:\/\/bsh.info.pl\/index.php\/wp-json\/wp\/v2\/pages"}],"about":[{"href":"http:\/\/bsh.info.pl\/index.php\/wp-json\/wp\/v2\/types\/page"}],"author":[{"embeddable":true,"href":"http:\/\/bsh.info.pl\/index.php\/wp-json\/wp\/v2\/users\/1"}],"replies":[{"embeddable":true,"href":"http:\/\/bsh.info.pl\/index.php\/wp-json\/wp\/v2\/comments?post=6102"}],"version-history":[{"count":4,"href":"http:\/\/bsh.info.pl\/index.php\/wp-json\/wp\/v2\/pages\/6102\/revisions"}],"predecessor-version":[{"id":6106,"href":"http:\/\/bsh.info.pl\/index.php\/wp-json\/wp\/v2\/pages\/6102\/revisions\/6106"}],"wp:attachment":[{"href":"http:\/\/bsh.info.pl\/index.php\/wp-json\/wp\/v2\/media?parent=6102"}],"curies":[{"name":"wp","href":"https:\/\/api.w.org\/{rel}","templated":true}]}}